

{"id":8,"date":"2020-02-02T10:08:19","date_gmt":"2020-02-02T10:08:19","guid":{"rendered":"https:\/\/kinderhaus-zipfelmuetze.de\/?page_id=8"},"modified":"2026-03-30T20:00:13","modified_gmt":"2026-03-30T20:00:13","slug":"kontakt","status":"publish","type":"page","link":"https:\/\/kinderhaus-zipfelmuetze.de\/?page_id=8","title":{"rendered":"Kontakt"},"content":{"rendered":"\n<p><strong>Kinderhaus Zipfelm\u00fctze e.V.<\/strong><br>Flughafenstra\u00dfe 8<br>76149 Karlsruhe<br>Telefon 0721 755587<br><a href=\"mailto:mail@kinderhaus-zipfelmuetze.de\">mail@kinderhaus-zipfelmuetze.de<\/a><\/p>\n\n\n\n\n        <div id=\"map_ol3js_1\"\n             class=\"map undefined\"\n             data-map_name=\"undefined\"\n             data-map=\"map_ol3js_1\"\n             style=\"width:50%;\n                    max-width:100%;\n                    height:250px;\n                    display:block;\n                    overflow:hidden;\n                    border:thin solid;\">\n          <div id=\"map_ol3js_1_popup\" class=\"ol-popup\">\n            <a href=\"#\" id=\"map_ol3js_1_popup-closer\" class=\"ol-popup-closer\"><\/a>\n            <div id=\"map_ol3js_1_popup-content\"><\/div>\n          <\/div>\n        <\/div>\n    \n\n\t\t\t\t<script type=\"text\/javascript\">\n\t\t\t\t\ttranslations['openlayer'] = \"open layer\";\n\t\t\t\t\ttranslations['openlayerAtStartup'] = \"open layer at startup\";\n\t\t\t\t\ttranslations['generateLink'] = \"Der Link zur Karte mit ausgew\u00e4hlten Overlays und angezeigtem Ausschnitt\";\n\t\t\t\t\ttranslations['shortDescription'] = \"Kurzbeschreibung\";\n\t\t\t\t\ttranslations['generatedShortCode'] = \"to get a text control link paste this code in your wordpress editor\";\n\t\t\t\t\ttranslations['closeLayer'] = \"close layer\";\n\t\t\t\t\ttranslations['cantGenerateLink'] = \"put this string in the existing map short code to control this map\";\n\t\t\t  <\/script>\n\n\n\t\t\t  <script type=\"text\/javascript\">\n\t\t\t  vectorM['map_ol3js_1'] = [];\n\t        \n        var raster = getTileLayer(\"\",\"NoKey\");\t\t\t\n\n\t\t\t  var map_ol3js_1 = new ol.Map({\n\t\t\t\tinteractions: ol.interaction.defaults.defaults({mouseWheelZoom:false}),\n\t\t\t\tlayers: [raster],\n\t\t\t\ttarget: \"map_ol3js_1\",\n\t\t\t\tview: new ol.View({\n\t\t\t\t  center: ol.proj.transform([8.3858,49.0327], \"EPSG:4326\", \"EPSG:3857\"),\n\t\t\t\t  zoom: 14\n\t\t\t\t})\n\t\t\t  });\n\t\t\t  osm_addMarkerLayer(map_ol3js_1,8.3858,49.0327,\"https:\/\/kinderhaus-zipfelmuetze.de\/wp-content\/plugins\/osm\/icons\/mic_black_empty_01.png\",-16,-41,\"<p><\/p>\") ; \naddControls2Map(map_ol3js_1,0,0,3,0,5,6,7,0,1);\nosm_addPopupClickhandler(map_ol3js_1,  \"map_ol3js_1\"); \nosm_addMouseHover(map_ol3js_1); <\/script>\n\n\n\n<h3 class=\"wp-block-heading\">F\u00fcr Eltern<\/h3>\n\n\n\n<p>Wir freuen uns immer \u00fcber einen pers\u00f6nlichen Kontakt. <br>Bei Fragen zum Kinderhaus oder zur Anmeldung oder zur Elterninitiative meldet Euch einfach unter folgender Adresse:<br><span id=\"eeb-587256-696059\"><\/span><script type=\"text\/javascript\">(function() {var ml=\"o0Ali42sudzgrFbefC3ck%hDn_t-p.Ema\",mi=\"EBAPE61F<?@EBGE66OP43J0EB2PHO?398H;E51D4H9?<FP87K:4L@?3O8?J:?M9?E66E61JP<;?JEBGE66I>3PHDE66E61C3P77EBGE66OP43K34HDE66EBNPHO?398H;E51D4H9?<FP87K:4L@?3O8?J:?M9?EBAE6=PEBN\",o=\"\";for(var j=0,l=mi.length;j<l;j++) {o+=ml.charAt(mi.charCodeAt(j)-48);}document.getElementById(\"eeb-587256-696059\").innerHTML = decodeURIComponent(o);}());<\/script><noscript>*protected email*<\/noscript><br>Die letztendliche Anmeldung f\u00fcr Betreuungspl\u00e4tze l\u00e4uft dann -wie bei allen Kitas in Karlsruhe- zentral \u00fcber die Stadt Karlsruhe.<br><a href=\"https:\/\/kitaportal.karlsruhe.de\/\" target=\"_blank\" rel=\"noreferrer noopener\">https:\/\/kitaportal.karlsruhe.de<\/a><\/p>\n\n\n\n<h3 class=\"wp-block-heading\" id=\"fsj_bfd\"><\/h3>\n\n\n\n<p><\/p>\n\n\n\n<h3 class=\"wp-block-heading\">F\u00fcr BerufspraktikantInnen und ErzieherInnen<\/h3>\n\n\n\n<p>F\u00fcr Informationen zu unseren BerufspraktikantInnen und ErzieherInnen-Stellen schreibe bitte an:<br><span id=\"eeb-734438-583187\"><\/span><script type=\"text\/javascript\">(function() {var ml=\"lbp_iswkfC.zmet243A-uhF%d0DgronEac\",mi=\"GA9PG?IEL=8GAJG??<P40>MGAB1=6=L1DNK=NG@I74NH=LEPD5C;428=0<D=>;=:H=G??G?I>PLK=>GAJG??310PN7G??G?IQ0P55GAJG??<P40C04N7G??GAO1=6=L1DNK=NG@I74NH=LEPD5C;428=0<D=>;=:H=GA9G?FPGAO\",o=\"\";for(var j=0,l=mi.length;j<l;j++) {o+=ml.charAt(mi.charCodeAt(j)-48);}document.getElementById(\"eeb-734438-583187\").innerHTML = decodeURIComponent(o);}());<\/script><noscript>*protected email*<\/noscript>\n","protected":false},"excerpt":{"rendered":"<p>Kinderhaus Zipfelm\u00fctze e.V.Flughafenstra\u00dfe 876149 KarlsruheTelefon 0721 755587mail@kinderhaus-zipfelmuetze.de F\u00fcr Eltern Wir freuen uns immer \u00fcber einen pers\u00f6nlichen Kontakt. Bei Fragen zum Kinderhaus oder zur Anmeldung oder zur Elterninitiative meldet Euch einfach unter folgender Adresse: Die letztendliche Anmeldung f\u00fcr Betreuungspl\u00e4tze l\u00e4uft dann -wie bei allen Kitas in Karlsruhe- zentral \u00fcber die Stadt Karlsruhe.https:\/\/kitaportal.karlsruhe.de F\u00fcr BerufspraktikantInnen und ErzieherInnen [&hellip;]<\/p>\n","protected":false},"author":1,"featured_media":17,"parent":0,"menu_order":0,"comment_status":"closed","ping_status":"closed","template":"","meta":{"footnotes":""},"class_list":["post-8","page","type-page","status-publish","has-post-thumbnail","hentry"],"_links":{"self":[{"href":"https:\/\/kinderhaus-zipfelmuetze.de\/index.php?rest_route=\/wp\/v2\/pages\/8","targetHints":{"allow":["GET"]}}],"collection":[{"href":"https:\/\/kinderhaus-zipfelmuetze.de\/index.php?rest_route=\/wp\/v2\/pages"}],"about":[{"href":"https:\/\/kinderhaus-zipfelmuetze.de\/index.php?rest_route=\/wp\/v2\/types\/page"}],"author":[{"embeddable":true,"href":"https:\/\/kinderhaus-zipfelmuetze.de\/index.php?rest_route=\/wp\/v2\/users\/1"}],"replies":[{"embeddable":true,"href":"https:\/\/kinderhaus-zipfelmuetze.de\/index.php?rest_route=%2Fwp%2Fv2%2Fcomments&post=8"}],"version-history":[{"count":42,"href":"https:\/\/kinderhaus-zipfelmuetze.de\/index.php?rest_route=\/wp\/v2\/pages\/8\/revisions"}],"predecessor-version":[{"id":482,"href":"https:\/\/kinderhaus-zipfelmuetze.de\/index.php?rest_route=\/wp\/v2\/pages\/8\/revisions\/482"}],"wp:featuredmedia":[{"embeddable":true,"href":"https:\/\/kinderhaus-zipfelmuetze.de\/index.php?rest_route=\/wp\/v2\/media\/17"}],"wp:attachment":[{"href":"https:\/\/kinderhaus-zipfelmuetze.de\/index.php?rest_route=%2Fwp%2Fv2%2Fmedia&parent=8"}],"curies":[{"name":"wp","href":"https:\/\/api.w.org\/{rel}","templated":true}]}}