{"id":61,"date":"2020-02-02T12:02:00","date_gmt":"2020-02-02T12:02:00","guid":{"rendered":"https:\/\/kinderhaus-zipfelmuetze.de\/?page_id=61"},"modified":"2026-02-23T09:45:55","modified_gmt":"2026-02-23T09:45:55","slug":"paedagogik-2","status":"publish","type":"page","link":"https:\/\/kinderhaus-zipfelmuetze.de\/?page_id=61","title":{"rendered":"P\u00e4dagogik"},"content":{"rendered":"\n<h2 class=\"wp-block-heading\">Unser p\u00e4dagogisches Konzept<\/h2>\n\n\n\n<p>Das einzelne Kind, mit all seinen Grundbed\u00fcrfnissen nach Liebe, Geborgenheit, Wertsch\u00e4tzung, Respekt, Toleranz und Anerkennung steht f\u00fcr uns (MitarbeiterInnen und Eltern) im Kinderhaus Zipfelm\u00fctze im Mittelpunkt. Jedes Kind hat das Recht zu leben und so zu sein, wie es ist, unabh\u00e4ngig von seiner pers\u00f6nlichen Herkunft, seinem ethischen Hintergrund, seiner k\u00f6rperlichen und geistigen Entwicklung. Die Kinder werden bei uns in ihrer individuellen Entwicklung begleitet. Sie haben die M\u00f6glichkeit, in einer anregenden, vorbereiteten Umgebung ihrem eigenem Rhythmus zu folgen und ihre sozialen Kompetenzen zu erproben. <br><br>Das Geschehen im Kinderhaus ist eingebettet in einen \u00e4hnlichen Tagesablauf mit wiederkehrenden Ritualen, die den Kindern Sicherheit und Vertrautheit geben. Die W\u00fcnsche und Ideen der Kinder werden respektiert, miteinander besprochen und angenommen. Die pers\u00f6nlichen und individuellen Bed\u00fcrfnisse des Kindes bestimmen dabei weitestgehend den Rhythmus im Kinderhaus.<br><br>Im t\u00e4glichen Umgang ist es uns wichtig den Kindern wertsch\u00e4tzend und auf Augenh\u00f6he zu begegnen. Die ErzieherInnen nehmen eine beobachtende Haltung ein und begleiten die Kinder in einer nicht-direktiven Art und Weise. Diese Haltung findet sich auch in der Sprache wieder. Die ErzieherInnen begleiten ihr eigenes Handeln mit Worten und achten darauf, die Kinder in ihrem Tun positiv zu verst\u00e4rken. <br><br>Im Tagesablauf bestimmen die Spielideen der Kinder das Geschehen, die ErzieherInnen greifen die Ideen gegebenenfalls auf und vertiefen sie. Den Kindern ist es dabei immer m\u00f6glich, sich durch eigenes Handeln, Experimentieren und Ausprobieren weiter zu entwickeln.<\/p>\n\n\n\n<p>Unser ausf\u00fchrliches p\u00e4dagogisches Konzept als Download:<br><a href=\"https:\/\/kinderhaus-zipfelmuetze.de\/wp-content\/uploads\/2026\/02\/Kurzkonzept_2026.pdf\" data-type=\"attachment\" data-id=\"475\">Kurzkonzept (pdf)<\/a><\/p>\n\n\n\n<p><\/p>\n","protected":false},"excerpt":{"rendered":"<p>Unser p\u00e4dagogisches Konzept Das einzelne Kind, mit all seinen Grundbed\u00fcrfnissen nach Liebe, Geborgenheit, Wertsch\u00e4tzung, Respekt, Toleranz und Anerkennung steht f\u00fcr uns (MitarbeiterInnen und Eltern) im Kinderhaus Zipfelm\u00fctze im Mittelpunkt. Jedes Kind hat das Recht zu leben und so zu sein, wie es ist, unabh\u00e4ngig von seiner pers\u00f6nlichen Herkunft, seinem ethischen Hintergrund, seiner k\u00f6rperlichen und geistigen [&hellip;]<\/p>\n","protected":false},"author":1,"featured_media":92,"parent":0,"menu_order":0,"comment_status":"closed","ping_status":"closed","template":"","meta":{"footnotes":""},"class_list":["post-61","page","type-page","status-publish","has-post-thumbnail","hentry"],"_links":{"self":[{"href":"https:\/\/kinderhaus-zipfelmuetze.de\/index.php?rest_route=\/wp\/v2\/pages\/61","targetHints":{"allow":["GET"]}}],"collection":[{"href":"https:\/\/kinderhaus-zipfelmuetze.de\/index.php?rest_route=\/wp\/v2\/pages"}],"about":[{"href":"https:\/\/kinderhaus-zipfelmuetze.de\/index.php?rest_route=\/wp\/v2\/types\/page"}],"author":[{"embeddable":true,"href":"https:\/\/kinderhaus-zipfelmuetze.de\/index.php?rest_route=\/wp\/v2\/users\/1"}],"replies":[{"embeddable":true,"href":"https:\/\/kinderhaus-zipfelmuetze.de\/index.php?rest_route=%2Fwp%2Fv2%2Fcomments&post=61"}],"version-history":[{"count":14,"href":"https:\/\/kinderhaus-zipfelmuetze.de\/index.php?rest_route=\/wp\/v2\/pages\/61\/revisions"}],"predecessor-version":[{"id":476,"href":"https:\/\/kinderhaus-zipfelmuetze.de\/index.php?rest_route=\/wp\/v2\/pages\/61\/revisions\/476"}],"wp:featuredmedia":[{"embeddable":true,"href":"https:\/\/kinderhaus-zipfelmuetze.de\/index.php?rest_route=\/wp\/v2\/media\/92"}],"wp:attachment":[{"href":"https:\/\/kinderhaus-zipfelmuetze.de\/index.php?rest_route=%2Fwp%2Fv2%2Fmedia&parent=61"}],"curies":[{"name":"wp","href":"https:\/\/api.w.org\/{rel}","templated":true}]}}