{"id":50,"date":"2020-02-02T12:00:31","date_gmt":"2020-02-02T12:00:31","guid":{"rendered":"https:\/\/kinderhaus-zipfelmuetze.de\/?page_id=50"},"modified":"2024-10-15T19:17:11","modified_gmt":"2024-10-15T19:17:11","slug":"elterninitiative","status":"publish","type":"page","link":"https:\/\/kinderhaus-zipfelmuetze.de\/?page_id=50","title":{"rendered":"Eltern&#173;initiative"},"content":{"rendered":"\n<h2 class=\"wp-block-heading\">Elterninitiative &#8211; die Rolle und Aufgaben der Eltern<\/h2>\n\n\n\n<p>Das Grundprinzip unserer Elterninitiative ist das Engagement aller Eltern. Durch die Arbeit als Gemeinschaft schaffen die Eltern einen Raum, in dem anspruchsvolle p\u00e4dagogische Arbeit m\u00f6glich ist.<br><br>Die Eltern haben im Vergleich zu Regelkinderg\u00e4rten eine weitaus aktivere Rolle. Zum einen sind sie nat\u00fcrlich als Eltern der Kinder, die im Kinderhaus betreut werden, &#8222;Dienstleistungsnehmer&#8220; des Kinderhaus Zipfelm\u00fctze. Zum anderen sind sie als Mitglieder und Vorst\u00e4nde des Vereins gleichzeitig Tr\u00e4ger der Einrichtung und haben somit die Gesamtverantwortung f\u00fcr die Organisation, Verwaltung und Personal. Dies erfordert ein hohes Ma\u00df an Verantwortungsbereitschaft und Engagement. <br><br>Der gr\u00f6\u00dfte Teil der erforderlichen Aufgaben der Eltern besteht in Organisation, Verwaltung und Instandhaltung. So erstrecken sich die \u00c4mter von der Verantwortlichkeit f\u00fcr Finanzen und Personal bis hin zur Verantwortlichkeit f\u00fcr Haus, Garten, Ger\u00e4te, Einkauf oder \u00d6ffentlichkeitsarbeit. Gefordert ist jeder einzelne, sich nach seinen F\u00e4higkeiten und M\u00f6glichkeiten einzubringen.<\/p>\n\n\n\n<p><strong>Puh&#8230; das klingt aber nach viel Arbeit&#8230; warum sollte ich das tun?<\/strong><br>Ganz einfach&#8230; weil es sich lohnt \ud83d\ude42<br>F\u00fcr mein Kind, f\u00fcr mich und weil es eine tolle unvergessliche Erfahrung ist.<br>Durch die N\u00e4he und die aktive Mitarbeit in der Zipfelm\u00fctze ist es f\u00fcr die Eltern m\u00f6glich, viel intensiver am Kindergartenalltag ihrer Kinder teilzuhaben. Die Eltern haben die M\u00f6glichkeit aktiv mitzugestalten, Ideen einzubringen und k\u00f6nnen selber dazu beitragen, dass ihre Kinder eine tolle und unvergessliche Zeit in &#8222;der M\u00fctze&#8220; haben werden.<\/p>\n\n\n\n<p><\/p>\n","protected":false},"excerpt":{"rendered":"<p>Elterninitiative &#8211; die Rolle und Aufgaben der Eltern Das Grundprinzip unserer Elterninitiative ist das Engagement aller Eltern. Durch die Arbeit als Gemeinschaft schaffen die Eltern einen Raum, in dem anspruchsvolle p\u00e4dagogische Arbeit m\u00f6glich ist. Die Eltern haben im Vergleich zu Regelkinderg\u00e4rten eine weitaus aktivere Rolle. Zum einen sind sie nat\u00fcrlich als Eltern der Kinder, die [&hellip;]<\/p>\n","protected":false},"author":1,"featured_media":19,"parent":0,"menu_order":0,"comment_status":"closed","ping_status":"closed","template":"","meta":{"footnotes":""},"class_list":["post-50","page","type-page","status-publish","has-post-thumbnail","hentry"],"_links":{"self":[{"href":"https:\/\/kinderhaus-zipfelmuetze.de\/index.php?rest_route=\/wp\/v2\/pages\/50","targetHints":{"allow":["GET"]}}],"collection":[{"href":"https:\/\/kinderhaus-zipfelmuetze.de\/index.php?rest_route=\/wp\/v2\/pages"}],"about":[{"href":"https:\/\/kinderhaus-zipfelmuetze.de\/index.php?rest_route=\/wp\/v2\/types\/page"}],"author":[{"embeddable":true,"href":"https:\/\/kinderhaus-zipfelmuetze.de\/index.php?rest_route=\/wp\/v2\/users\/1"}],"replies":[{"embeddable":true,"href":"https:\/\/kinderhaus-zipfelmuetze.de\/index.php?rest_route=%2Fwp%2Fv2%2Fcomments&post=50"}],"version-history":[{"count":8,"href":"https:\/\/kinderhaus-zipfelmuetze.de\/index.php?rest_route=\/wp\/v2\/pages\/50\/revisions"}],"predecessor-version":[{"id":315,"href":"https:\/\/kinderhaus-zipfelmuetze.de\/index.php?rest_route=\/wp\/v2\/pages\/50\/revisions\/315"}],"wp:featuredmedia":[{"embeddable":true,"href":"https:\/\/kinderhaus-zipfelmuetze.de\/index.php?rest_route=\/wp\/v2\/media\/19"}],"wp:attachment":[{"href":"https:\/\/kinderhaus-zipfelmuetze.de\/index.php?rest_route=%2Fwp%2Fv2%2Fmedia&parent=50"}],"curies":[{"name":"wp","href":"https:\/\/api.w.org\/{rel}","templated":true}]}}