{"id":212,"date":"2022-02-27T20:31:58","date_gmt":"2022-02-27T20:31:58","guid":{"rendered":"https:\/\/kinderhaus-zipfelmuetze.de\/?page_id=212"},"modified":"2026-02-23T09:54:10","modified_gmt":"2026-02-23T09:54:10","slug":"aktuell","status":"publish","type":"page","link":"https:\/\/kinderhaus-zipfelmuetze.de\/?page_id=212","title":{"rendered":"Erzieher*in gesucht"},"content":{"rendered":"\n<h2 class=\"wp-block-heading\">Wir suchen ab April eine p\u00e4dagogische Fachkraft f\u00fcr eine ca. 60% Stelle in Teilzeit (voraussichtlich befristet bis Januar 2028)<\/h2>\n\n\n\n<p class=\"has-black-color has-text-color has-medium-font-size\">Das Kinderhaus Zipfelm\u00fctze e.V. ist eine engagierte Elterninitiative, die seit \u00fcber 25 Jahren besteht.<\/p>\n\n\n\n<p class=\"has-black-color has-text-color has-medium-font-size\">Das gem\u00fctliche Wohnhaus in Neureut-Heide, ist wochentags zwischen 7.30 Uhr und 15.30 Uhr ge\u00f6ffnet. Es bietet 15 kleinen Zipfelm\u00fctzen, im Alter von 1,5 Jahren bis zur Schulreife, Raum zum Leben und Wachsen. In famili\u00e4rer Atmosph\u00e4re und auf der Basis eines respektvollen Miteinanders gestalten Kinder, Team und Eltern das Leben im Kinderhaus aktiv mit.<\/p>\n\n\n\n<p class=\"has-black-color has-text-color has-medium-font-size\">Was wir uns f\u00fcr unsere Kinder w\u00fcnschen \u2026<\/p>\n\n\n\n<p>\u2022 einen achtsamen Umgang auf Augenh\u00f6he<br>\u2022 die Begleitung des freien Spiels, individuell und im nat\u00fcrlichen Rhythmus der Kinder<br>\u2022 Freude und Ausdauer beim Sein in der Natur (neben unserem sch\u00f6nen Garten haben wir noch ein Naturgrundst\u00fcck mit Bauwagen in fu\u00dfl\u00e4ufiger Entfernung)<\/p>\n\n\n\n<p class=\"has-black-color has-text-color has-medium-font-size\">Das k\u00f6nnen wir bieten \u2026<\/p>\n\n\n\n<p>\u2022 15 bunte Kinder<br>\u2022 ein engagiertes p\u00e4dagogisches Team<br>\u2022 Platz f\u00fcr eigene Ideen und Impulse<br>\u2022 selbstst\u00e4ndige Arbeitsorganisation innerhalb des Teams<br>\u2022 regelm\u00e4\u00dfige Fortbildungen und Supervision<br>\u2022 Bezahlung nach TV\u00d6D<br>\u2022 biologisch vollwertiges Mittagessen, im Kinderhaus zubereitet<\/p>\n\n\n\n<p class=\"has-black-color has-text-color has-medium-font-size\"><br>Wenn Du dich angesprochen f\u00fchlst, dann schicke deine Bewerbung einfach per Post oder per E-Mail an folgende Adressen:<br>Kinderhaus Zipfelm\u00fctze e.V., Flughafenstra\u00dfe 8, 76149 Karlsruhe<br>oder: <br><a href=\"mailto:bewerbungen@kinderhaus-zipfelmuetze.de\">bewerbungen@kinderhaus-zipfelmuetze.de<\/a><br><br>Wir freuen uns auf Dich!<\/p>\n\n\n\n<figure class=\"wp-block-image size-full\"><img loading=\"lazy\" decoding=\"async\" width=\"1810\" height=\"2560\" src=\"https:\/\/kinderhaus-zipfelmuetze.de\/wp-content\/uploads\/2026\/02\/Aushangvorlage_Zipfelmuetze_Stelle_2026_A4hoch-scaled.jpg\" alt=\"\" class=\"wp-image-477\" srcset=\"https:\/\/kinderhaus-zipfelmuetze.de\/wp-content\/uploads\/2026\/02\/Aushangvorlage_Zipfelmuetze_Stelle_2026_A4hoch-scaled.jpg 1810w, https:\/\/kinderhaus-zipfelmuetze.de\/wp-content\/uploads\/2026\/02\/Aushangvorlage_Zipfelmuetze_Stelle_2026_A4hoch-212x300.jpg 212w, https:\/\/kinderhaus-zipfelmuetze.de\/wp-content\/uploads\/2026\/02\/Aushangvorlage_Zipfelmuetze_Stelle_2026_A4hoch-724x1024.jpg 724w, https:\/\/kinderhaus-zipfelmuetze.de\/wp-content\/uploads\/2026\/02\/Aushangvorlage_Zipfelmuetze_Stelle_2026_A4hoch-768x1086.jpg 768w, https:\/\/kinderhaus-zipfelmuetze.de\/wp-content\/uploads\/2026\/02\/Aushangvorlage_Zipfelmuetze_Stelle_2026_A4hoch-1086x1536.jpg 1086w, https:\/\/kinderhaus-zipfelmuetze.de\/wp-content\/uploads\/2026\/02\/Aushangvorlage_Zipfelmuetze_Stelle_2026_A4hoch-1448x2048.jpg 1448w, https:\/\/kinderhaus-zipfelmuetze.de\/wp-content\/uploads\/2026\/02\/Aushangvorlage_Zipfelmuetze_Stelle_2026_A4hoch-2048x2897.jpg 2048w, https:\/\/kinderhaus-zipfelmuetze.de\/wp-content\/uploads\/2026\/02\/Aushangvorlage_Zipfelmuetze_Stelle_2026_A4hoch-1200x1697.jpg 1200w, https:\/\/kinderhaus-zipfelmuetze.de\/wp-content\/uploads\/2026\/02\/Aushangvorlage_Zipfelmuetze_Stelle_2026_A4hoch-900x1273.jpg 900w, https:\/\/kinderhaus-zipfelmuetze.de\/wp-content\/uploads\/2026\/02\/Aushangvorlage_Zipfelmuetze_Stelle_2026_A4hoch-400x566.jpg 400w\" sizes=\"auto, (max-width: 1810px) 100vw, 1810px\" \/><\/figure>\n","protected":false},"excerpt":{"rendered":"<p>Wir suchen ab April eine p\u00e4dagogische Fachkraft f\u00fcr eine ca. 60% Stelle in Teilzeit (voraussichtlich befristet bis Januar 2028) Das Kinderhaus Zipfelm\u00fctze e.V. ist eine engagierte Elterninitiative, die seit \u00fcber 25 Jahren besteht. Das gem\u00fctliche Wohnhaus in Neureut-Heide, ist wochentags zwischen 7.30 Uhr und 15.30 Uhr ge\u00f6ffnet. Es bietet 15 kleinen Zipfelm\u00fctzen, im Alter von [&hellip;]<\/p>\n","protected":false},"author":1,"featured_media":96,"parent":0,"menu_order":0,"comment_status":"closed","ping_status":"closed","template":"","meta":{"footnotes":""},"class_list":["post-212","page","type-page","status-publish","has-post-thumbnail","hentry"],"_links":{"self":[{"href":"https:\/\/kinderhaus-zipfelmuetze.de\/index.php?rest_route=\/wp\/v2\/pages\/212","targetHints":{"allow":["GET"]}}],"collection":[{"href":"https:\/\/kinderhaus-zipfelmuetze.de\/index.php?rest_route=\/wp\/v2\/pages"}],"about":[{"href":"https:\/\/kinderhaus-zipfelmuetze.de\/index.php?rest_route=\/wp\/v2\/types\/page"}],"author":[{"embeddable":true,"href":"https:\/\/kinderhaus-zipfelmuetze.de\/index.php?rest_route=\/wp\/v2\/users\/1"}],"replies":[{"embeddable":true,"href":"https:\/\/kinderhaus-zipfelmuetze.de\/index.php?rest_route=%2Fwp%2Fv2%2Fcomments&post=212"}],"version-history":[{"count":26,"href":"https:\/\/kinderhaus-zipfelmuetze.de\/index.php?rest_route=\/wp\/v2\/pages\/212\/revisions"}],"predecessor-version":[{"id":478,"href":"https:\/\/kinderhaus-zipfelmuetze.de\/index.php?rest_route=\/wp\/v2\/pages\/212\/revisions\/478"}],"wp:featuredmedia":[{"embeddable":true,"href":"https:\/\/kinderhaus-zipfelmuetze.de\/index.php?rest_route=\/wp\/v2\/media\/96"}],"wp:attachment":[{"href":"https:\/\/kinderhaus-zipfelmuetze.de\/index.php?rest_route=%2Fwp%2Fv2%2Fmedia&parent=212"}],"curies":[{"name":"wp","href":"https:\/\/api.w.org\/{rel}","templated":true}]}}