{"id":12,"date":"2020-02-02T10:10:14","date_gmt":"2020-02-02T10:10:14","guid":{"rendered":"https:\/\/kinderhaus-zipfelmuetze.de\/?page_id=12"},"modified":"2026-02-12T20:30:06","modified_gmt":"2026-02-12T20:30:06","slug":"home","status":"publish","type":"page","link":"https:\/\/kinderhaus-zipfelmuetze.de\/","title":{"rendered":"Herzlich Willkommen"},"content":{"rendered":"\n<p>&nbsp;<\/p>\n\n\n\n<h2 class=\"wp-block-heading has-text-align-center\">Herzlich willkommen im Kinderhaus Zipfelm\u00fctze<\/h2>\n\n\n\n<p class=\"has-text-align-center has-light-green-cyan-background-color has-background has-medium-font-size\">Wir suchen zur zeitweisen Verst\u00e4rkung f\u00fcr unser Team eine <br>p\u00e4dagogische Fachkraft (ca. 60%, befristet bis voraussichtlich Januar 2028).<br>Bitte schickt eure Bewerbung an: <a href=\"mailto:bewerbungen@kinderhaus-zipfelmuetze.de\">bewerbungen@kinderhaus-zipfelmuetze.de<\/a><br>mehr Informationen findet Ihr <a href=\"https:\/\/kinderhaus-zipfelmuetze.de\/?page_id=212\" data-type=\"page\" data-id=\"343\">hier<\/a>.<\/p>\n\n\n\n<p class=\"has-medium-font-size\">Auf unserer Homepage findest Du alle wichtigen und interessanten Informationen \u00fcber unser Kinderhaus Zipfelm\u00fctze &#8211; den tollsten Kindergarten f\u00fcr unsere (und eure) Kinder in ganz Karlsruhe. <br>Schaue einfach oben ins Men\u00fc und suche dir Deine Punkte aus. Wenn du Fragen oder Interesse an einem Betreuungsplatz hast, dann schreib einfach eine Mail an <a href=\"mailto:anmeldung@kinderhaus-zipfelmuetze.de\" target=\"_blank\" rel=\"noreferrer noopener\">anmeldung@kinderhaus-zipfelmuetze.de<\/a><\/p>\n\n\n\n<p class=\"has-text-align-center has-light-green-cyan-background-color has-background has-medium-font-size\">Wir haben f\u00fcr das Kindergartenjahr 2026\/27 noch ein paar wenige Betreuungspl\u00e4tze frei&#8230;. <br>Wenn du also Interesse hast, dann melde dich einfach bei uns &#x1f60a;<\/p>\n\n\n\n<p class=\"has-text-align-center has-luminous-vivid-amber-background-color has-background has-medium-font-size\">&#8230;best place on earth &#x1f44c;.<\/p>\n\n\n\n<p>&nbsp;<\/p>\n\n\n\n<p>&nbsp;<\/p>\n\n\n\n<p>&nbsp;<\/p>\n\n\n\n<p>&nbsp;<\/p>\n","protected":false},"excerpt":{"rendered":"<p>&nbsp; Herzlich willkommen im Kinderhaus Zipfelm\u00fctze Wir suchen zur zeitweisen Verst\u00e4rkung f\u00fcr unser Team eine p\u00e4dagogische Fachkraft (ca. 60%, befristet bis voraussichtlich Januar 2028).Bitte schickt eure Bewerbung an: bewerbungen@kinderhaus-zipfelmuetze.demehr Informationen findet Ihr hier. Auf unserer Homepage findest Du alle wichtigen und interessanten Informationen \u00fcber unser Kinderhaus Zipfelm\u00fctze &#8211; den tollsten Kindergarten f\u00fcr unsere (und eure) [&hellip;]<\/p>\n","protected":false},"author":1,"featured_media":321,"parent":0,"menu_order":0,"comment_status":"closed","ping_status":"closed","template":"","meta":{"footnotes":""},"class_list":["post-12","page","type-page","status-publish","has-post-thumbnail","hentry"],"_links":{"self":[{"href":"https:\/\/kinderhaus-zipfelmuetze.de\/index.php?rest_route=\/wp\/v2\/pages\/12","targetHints":{"allow":["GET"]}}],"collection":[{"href":"https:\/\/kinderhaus-zipfelmuetze.de\/index.php?rest_route=\/wp\/v2\/pages"}],"about":[{"href":"https:\/\/kinderhaus-zipfelmuetze.de\/index.php?rest_route=\/wp\/v2\/types\/page"}],"author":[{"embeddable":true,"href":"https:\/\/kinderhaus-zipfelmuetze.de\/index.php?rest_route=\/wp\/v2\/users\/1"}],"replies":[{"embeddable":true,"href":"https:\/\/kinderhaus-zipfelmuetze.de\/index.php?rest_route=%2Fwp%2Fv2%2Fcomments&post=12"}],"version-history":[{"count":72,"href":"https:\/\/kinderhaus-zipfelmuetze.de\/index.php?rest_route=\/wp\/v2\/pages\/12\/revisions"}],"predecessor-version":[{"id":472,"href":"https:\/\/kinderhaus-zipfelmuetze.de\/index.php?rest_route=\/wp\/v2\/pages\/12\/revisions\/472"}],"wp:featuredmedia":[{"embeddable":true,"href":"https:\/\/kinderhaus-zipfelmuetze.de\/index.php?rest_route=\/wp\/v2\/media\/321"}],"wp:attachment":[{"href":"https:\/\/kinderhaus-zipfelmuetze.de\/index.php?rest_route=%2Fwp%2Fv2%2Fmedia&parent=12"}],"curies":[{"name":"wp","href":"https:\/\/api.w.org\/{rel}","templated":true}]}}